{"id":10,"date":"2024-02-21T07:36:41","date_gmt":"2024-02-21T07:36:41","guid":{"rendered":"http:\/\/joseeloyhortal.com\/?page_id=10"},"modified":"2026-01-02T12:26:40","modified_gmt":"2026-01-02T12:26:40","slug":"research","status":"publish","type":"page","link":"https:\/\/joseeloyhortal.com\/index.php\/research\/","title":{"rendered":"Research"},"content":{"rendered":"<p style=\"text-align: justify;\">Jos\u00e9 Eloy Hortal Mu\u00f1oz\u2019s activities began in 1997 as part of the group headed by professor Mart\u00ednez Mill\u00e1n at the UAM. This research group specialized in developing a new method for studying the evolution of early modern European monarchies, in particular that of Spain, using interdisciplinary Court Studies methodology, which regards the Court as a political system. Thanks to this, he was able to consolidate his interests into one clear line of research: the Court of the Netherlands. In addition to which, he has pursued two other lines of enquiry: the royal households of the Spanish Habsburg monarchs, and their royal guards.<\/p>\n<p style=\"text-align: justify;\">Although my research has always been linked to the early modern history, I never have lost my passion for art (in which I am also graduated), especially the Royal Sites, which led to my first job as guide-interpreter at the Monastery of San Lorenzo de El Escorial. The development of my research using the methodology of Court Studies, recently reflected in my study of Philip IV, which I directed with Professor Mart\u00ednez Mill\u00e1n, has led me to the point where I now have an opportunity to situate the Royal Sites within the evolution of the Spanish Monarchy as a whole, starting a new research line.<\/p>\n<ul style=\"text-align: justify;\">\n<li style=\"text-align: justify;\"><span style=\"text-align: justify;\">Research projects as PI:<\/span>\n<ul>\n<li>Subvenciones del Programa de J\u00f3venes Investigadores; para la contrataci\u00f3n de personas j\u00f3venes, menores de 30 a\u00f1os, capacitadas para llevar a cabo proyectos de investigaci\u00f3n en calidad de investigadoras, tecn\u00f3logas, personal t\u00e9cnico y otros perfiles profesionales en I+D+i, CAM (AR082), runs from <span style=\"font-size: revert; color: initial;\">01\/12\/2025 to 30\/11\/2026, Amount: 33,310 \u20ac, 2 researchers PI and<\/span>\u00a0Leyre Gabriela de Colsa Lozano<\/li>\n<li>\u201cCourt culture exchanges between the Iberian Peninsula and the Habsburg Netherlands\u201d Art\u00edculo 60 (AR040), URJC and University of Silesia in Katowice (Poland), runs from 18\/09-27\/10\/2023, Amount: 2,000 \u20ac+IVA, PI together with Oskar Jacek Rojewski and F\u00e9lix Labrador Arroyo<\/li>\n<li>Proyecto Puente \u00abConservar es Innovar. El patrimonio de lo Real a lo Rural: Madrid y su entorno\u201d, URJC (ConInMad\/V1254), runs from 01\/01-31\/12\/2023, 22 researchers URJC and other institution in England and Italy, Amount 5,672 \u20ac, PI<\/li>\n<li>Subvention of the Program INVESTIGO for the contract of 93 young people to develop research projects as researchers, technologians, tecnical staff and another I+D+i profiles, research assistant Irene Gonz\u00e1lez Blanco (CAM and European Commission funds Next Generation) (V1164), runs from 28\/10\/2022-27\/10\/2023, 2 researchers URJC, Amount 34,108,92 \u20ac, PI<\/li>\n<li>Proyecto Puente \u00abCorte y sitios reales: espacios de poder, representaci\u00f3n y producci\u00f3n (1650-1750)\u00bb, URJC (COSIRE\/V1065), runs from 01\/01-31\/12\/2022, 15 researchers URJC and other institutions in Portugal, USA and Italy, Amount (3728,13 \u20ac), PI together with F\u00e9lix Labrador Arroyo<\/li>\n<li>\u00abThe Brussels Court in the 17th century: the creation of the Maison royale de Bruxelles and its Royal Chapel\u00bb, Fonds National de la Recherche Scientifique and Universit\u00e8 de Li\u00e8ge, S\u00e9jour de recherche, runs from 01\/07\/2016 until 31\/08\/2016, Amount 5.000 \u20ac (Prof. Annick Delfosse as promotor)<\/li>\n<li>\u00abInventario georreferenciado de patrimonio arquitect\u00f3nico de Espa\u00f1a\u00bb, Art\u00edculo 83 V552, FOURTYFOUR SCREENS SPAIN. S.L., URJC and Spanish Ministry of Industry, runs from 01\/03\/2016 until 31\/05\/2016, Amount 2.500 \u20ac, PI together with F\u00e9lix Labrador Arroyo<\/li>\n<li><span style=\"text-align: justify; line-height: 1.5em;\">\u201cLa reconfiguraci\u00f3n de los espacios cortesanos: los Sitios Reales\u201d, Spanish Ministerio de Econom\u00eda y Competitividad, reference HAR 2012-37308-C05-02, 8 researchers URJC, Patrimonio Nacional and Kent University, runs from 01\/01\/2013 until 31\/12\/2015, and is coordinated with other three research groups and their projects, Amount 11.700 \u20ac (PI since 19\/12\/2013)<\/span><\/li>\n<li>\u201cThe Court of Brussels in the seventeenth century: the creation of the Maison Royale de Bruxelles\u201d, UGent (01T00313), BOF as <em>Verblijf buitenlandse onderzoeker<\/em> (<em>Visiting foreign researcher<\/em>), runs from 01\/06\/2013 until 31\/08\/2013, Amount 6.655 \u20ac (Prof. Ren\u00e9 Vermeir as promotor)<\/li>\n<li><span style=\"line-height: 1.5em; text-align: justify;\">\u201cLa extensi\u00f3n de la Corte: los Sitios Reales\u201d, URJC, Faculty of Tourism for organizing academical activities, Participants: URJC, UAM, Universidad Complutense de Madrid, Cedis UNL (Portugal), Escuela T\u00e9cnica Superior de Arquitectura de Madrid, UEM, Patrimonio Nacional, ESAA, Fundaci\u00f3n L\u00e1zaro Galdiano, Universidad de Sevilla, Universit\u00e0 degli Studi di Teramo, KU Leuven (Belgium), National Heritage of England, Centre National de la Recherche Scientifique (France) and Federal Office for the Protection of Monuments Hofburg (Austria), year 2012, Amount 625 \u20ac<\/span><\/li>\n<li><span style=\"line-height: 1.5em; text-align: justify;\">\u201cLa Casa de Borgo\u00f1a de los Austrias hispanos\u201d, URJC, vicerrectorado de investigaci\u00f3n, ref. F335, participant institutions- URJC, Universit\u00e8 Libre de Bruxelles (Belgique), Universiteit Leiden (Netherlands), Universit\u00e0 di Torino (Italy), University of Kiel (Germany), UGent, University of Cambridge (United Kingdom), \u00c9cole des Hautes \u00c9tudes en Sciences Sociales (France), Universidad de Barcelona, UAM, Universidad Complutense de Madrid, Universidad Pontificia de Comillas, Escolan\u00eda del Real Colegio Alfonso XIII, San Lorenzo de El Escorial, CIDEHUS-University of \u00c9vora, Universidad de Granada, Instituto de Historia del CSIC, year 2011, Amount 3.918 \u20ac<\/span><\/li>\n<li><span style=\"line-height: 1.5em; text-align: justify;\">\u201cEstructura y evoluci\u00f3n de la Casa de Borgo\u00f1a de los Austrias hispanos\u201d, URJC, vicerrectorado de extensi\u00f3n universitaria, participant institutions- URJC, Universit\u00e8 Libre de Bruxelles (Belgique), Universiteit Leiden (Netherlands), Universit\u00e0 di Torino (Italy), University of Kiel (Germany), UGent, University of Cambridge (United Kingdom), \u00c9cole des Hautes \u00c9tudes en Sciences Sociales (France), Universidad de Barcelona, UAM, Universidad Complutense de Madrid, Universidad Pontificia de Comillas, Escolan\u00eda del Real Colegio Alfonso XIII, San Lorenzo de El Escorial, CIDEHUS-University of \u00c9vora, Universidad de Granada, Instituto de Historia del CSIC, year 2011, Amount 1.830 \u20ac<\/span><\/li>\n<\/ul>\n<\/li>\n<li style=\"text-align: justify;\"><span style=\"text-align: justify;\">As applicant:<\/span>\n<ul>\n<li>\u00abGesti\u00f3n, conservaci\u00f3n y difusi\u00f3n del patrimonio hist\u00f3rico, art\u00edstico, ling\u00fc\u00edstico, musical, natural y audiovisual, en relaci\u00f3n con el turismo y el desarrollo de la Comunidad de Madrid\u00bb, CAM (Ref. PHS-2024\/PH-HUM-290), 01\/01\/2025-31\/12\/2028, UAM, URJC, UAH, UCM, General PI: Manuel Rivero Rodr\u00edguez, PI URJC: F\u00e9lix Labrador Arroyo, 18 researchers URJC, Amount: 335,000 \u20ac<\/li>\n<li>COST ACTION CA24164, \u201cSensing Europe\u2019s Court Spaces at the Crossroads of Past, Present and Future (SENSES)\u201d, European Commission, 01\/10\/2025-30\/09\/2029, 25 institutions of 15 european countries, PI: Konrad Ottenheym (Universiteit Utrecht), 33 researchers, Amount: 290,000 \u20ac<\/li>\n<li>\u201cEl legado de Carlos II. La Monarqu\u00eda de Espa\u00f1a y su impacto socio-cultural en el Madrid del siglo XVIII\u201d, UAM-CAM, SI4\/PJI\/2024-00141, 01\/01\/2025-31\/12\/2006, UAM-URJC, PIs: David Quiles Albero and Roc\u00edo Mart\u00ednez L\u00f3pez (UAM), 40 researchers, Amount: 38.351,23 \u20ac<\/li>\n<li><span style=\"color: initial;\">\u201cPrivilegiadas, impopulares, y olvidadas reinas inf\u00e9rtiles y princesas solteras en la Espa\u00f1a Moderna\u201d, URJC (2024\/SOLCON-133925), 01\/01-31\/12\/2025, URJC, PI: Ezequiel Borgognoni, 9 researchers (7 URJC), Amount: 6,600 \u20ac<\/span><\/li>\n<li><span style=\"color: initial;\">\u00abRe-thinking of \u00abHet schilder-boeck\u00bb (the book of painting) and tracing the migration of flemish masters (XV-XVI Centuries), National Centre for Science, Poland, ref. 2022\/47\/D\/HS2\/01798, 01\/10\/2023-30\/09\/2026, University of Silesia (Poland), PI: \u00d3skar Jacek Rojewski, 6 researchers, Amount:\u00a0 855\u00a0588,00 PLN (c. 195.000,00\u20ac)<\/span><\/li>\n<li>Proyecto Puente \u00abEl patrimonio de lo Real a lo Rural. Madrid y su entorno: Conocer es Innovar\u00bb, URJC (ColnMad\/V1418). Headed by F\u00e9lix Labrador Arroyo (URJC), 12 researchers URJC and other universities, runs from 01\/01\/2024 until 31\/12\/2024, Amount: 3.877,5 \u20ac<\/li>\n<li>Red de Investigaci\u00f3n \u201cCeremonia, Fiesta y Coleccionismo en la Monarqu\u00eda Hisp\u00e1nica. Del final del Medievo a la Edad Moderna (s. XV-XVIII)-CERMFEST\u201d, Agencia Estatal de Investigaci\u00f3n (RED2022-134206-T), Headed by Mar\u00eda Inmaculada Rodr\u00edguez Moya (UJI), 18 researchers of 9 research groups from 9 spanish universities, runs from 01\/06\/2023 until 31\/05\/2025), Amount: 20.000,00 \u20ac<\/li>\n<li>Proyecto Puente \u00abLa corte se r\u00ede. Humor e ingenio en la sociedad a\u00falica entre Austrias y Borbones (s. XVI-XVIII)\u201d, URJC (RISA\/V1241). Headed by Gijs Versteegen (URJC), 7 researchers URJC, runs from 01\/01\/2023 until 31\/12\/2023, Amount: 5.079,93 \u20ac<\/li>\n<li>\u00abEspa\u00f1a en Am\u00e9rica y Filipinas: el legado intercultural de la ling\u00fc\u00edstica misionera (V1091)\u00bb, Art. 83,\u2002URJC and Fundaci\u00f3n Ciudadan\u00eda y Valores. Headed by Miguel \u00c1ngel Esparza Torres and F\u00e9lix Labrador Arroyo (URJC), 7 researchers URJC, runs from 19\/01\/2022 until 18\/01\/2023, Amount: 16.500 \u20ac\u2002+ IVA<\/li>\n<li>Proyecto puente \u00abCorte y Sitios Reales: espacios de poder, representaci\u00f3n y producci\u00f3n (siglos XVII-XVIII)\u00bb, URJC (COSREPR\/V947). Headed by F\u00e9lix Labrador Arroyo (URJC), 6 researchers URJC, runs from 01\/01\/2021 until 31\/12\/2021, Amount: 7.600, 38 \u20ac<\/li>\n<li>\u201cMadrid, Sociedad y Patrimonio: pasado y turismo cultural\u201d (H2019\/HUM-5898), Comunidad Aut\u00f3noma de Madrid. Headed by Manuel Rivero Rodr\u00edguez (UAM), composed by 11 researchers of that university, UCM, URJC and UAH, runs from 01\/01\/2020 until 31\/12\/2022, Amount: 225.400 \u20ac<\/li>\n<li>\u201cProtection, production and environmental change: the roots of Modern Environmentalism in the Iberian Peninsula (XVI-XVIIIth centuries)\u201d (AZ 60\/V\/19), Gerda Henkel Stiftung. Headed by Koldo Tr\u00e1paga Monchet (URJC), 4 researchers URJC, runs from 01\/05\/2020 until 31\/10\/2021, Amount: 23.200 \u20ac<\/li>\n<li>\u201cLas ra\u00edces materiales e inmateriales del conservacionismo ambiental de la Pen\u00ednsula Ib\u00e9rica (SIGLOS XV-XIX)\u201d (V-790), Comunidad de Madrid. Headed by Koldo Tr\u00e1paga Monchet (URJC),\u00a0 10 researchers URJC and other universities, runs from 01\/01\/2020 until 31\/12\/2021, Amount: 15.000 \u20ac<\/li>\n<li>\u00abDELYRAMUS, Developing Audiences: Music, Luthiers and Mental Healths\u00bb, European Commission. Headed by F\u00e9lix Labrador Arroyo (URJC), 6 researchers URJC, runs from 01\/07\/2018 until 30\/06\/2020, Amount: 36.000 \u20ac<\/li>\n<li style=\"text-align: justify;\">\u00abLa herencia de los Reales Sitios: Madrid, de corte a capital (historia, patrimonio y turismo)\u00bb (CAM (S2015\/HUM-3415), Comunidad Aut\u00f3noma de Madrid. Headed by Jos\u00e9 Mart\u00ednez Mill\u00e1n (UAM), 17 researchers of that university, URJC and UCM, runs from 01\/01\/2016 until 31\/12\/2018, Amount: 181.585 \u20ac<\/li>\n<li style=\"text-align: justify;\">\u201cDel Patrimonio Din\u00e1stico al Patrimonio Nacional: los Sitios Reales\u201d (HAR2015-68946-C3-3-P), MINECO-FEDER. Headed by F\u00e9lix Labrador Arroyo (URJC), 6 researchers URJC, runs from 01\/01\/2016 until 31\/12\/2019, Amount: 47.432 \u20ac<\/li>\n<li style=\"text-align: justify;\"><em>COST action Innovation in Intelligent Management of Heritage Buildings<\/em> (i2MHB), European Commission, headed by Joao Martins, 97 researchers of different european institutions (academic and non-academic), runs from 01\/01\/2015 until 31\/12\/2018, Amount: 244.000 \u20ac<\/li>\n<li style=\"text-align: justify;\">Research Group \u201cLa configuraci\u00f3n de la Monarqu\u00eda Hispana a trav\u00e9s del sistema cortesano (siglos XIII-XIX): organizaci\u00f3n pol\u00edtica e institucional, lengua y cultura\u201d, de la Universidad Rey Juan Carlos, reference GE2014-20. Headed by Fernando Su\u00e1rez Bilbao (URJC), 19 researchers of that institution and UAM, runs from 01\/01\/2015 until 31\/12 \/2017, Amount: 9.000 \u20ac<\/li>\n<li style=\"text-align: justify;\">\u201cConectar <em>Smart Cities<\/em> y su patrimonio a trav\u00e9s de la realidad aumentada\u201d. Universidad Rey Juan Carlos- Universidad de Alcal\u00e1 \u2013 Campus Energ\u00eda Inteligente. Headed by F\u00e9lix Labrador Arroyo (URJC) and Enrique Casta\u00f1o Perea (Universidad de Alcal\u00e1), 8 researchers of both institutions, runs from 01\/01-31\/12\/2016, Amount: 6,000 \u20ac as II prize of the Call<\/li>\n<li style=\"text-align: justify;\">\u00abSistemas avanzados para la mejora de la gesti\u00f3n y desarrollo de la docencia en entornos virtuales: URJC on-line\u201d, URJC, reference CAVI 2014\/00046\/001. Headed by Manuel G\u00e9trudix Barrio (URJC), 10 researchers URJC, runs from 01\/04\/2014 until 31\/12\/2016, Amount: 1.200.000 \u20ac.<\/li>\n<li style=\"text-align: justify;\"><span style=\"text-align: justify; line-height: 1.5em;\">\u201cLa reconfiguraci\u00f3n de los espacios cortesanos: los Sitios Reales\u201d, Spanish Ministerio de Econom\u00eda y Competitividad, reference HAR 2012-37308-C05-02. Headed by professor F\u00e9lix Labrador Arroyo (URJC), 8 researchers URJC, Patrimonio Nacional and Kent University, runs from 01\/01\/2013 until 31\/12\/2015, and is coordinated with other three research groups and their projects, Amount 11.700 \u20ac (until 18\/12\/2013)<br \/>\n<\/span><\/li>\n<li><span style=\"text-align: justify; line-height: 1.5em;\">\u201cLa evoluci\u00f3n pol\u00edtico-institucional de la Casa de las Reinas <\/span><span style=\"text-align: justify; line-height: 1.5em;\">hispanas (s. XIV-XVI)\u201d, Comunidad Aut\u00f3noma de Madrid (CAM)-URJC- Ref. CCG10-URJC\/HUM-5662, F\u00e9lix Labrador Arroyo, 9 researchers URJC and other institutions, runs from 01\/01\/2011 until 31\/12\/2011, Amount 10.000 \u20ac<\/span><\/li>\n<li><span style=\"text-align: justify; line-height: 1.5em;\">\u201cLa contradicci\u00f3n de la Monarqu\u00eda Cat\u00f3lica: la fijaci\u00f3n de las ordenanzas y etiquetas cortesanas en el periodo de su declive\u201d, Spanish Ministerio de Ciencia e Innovaci\u00f3n- Ref. HAR2009-12614-C04-02\/HIST, Fernando Su\u00e1rez Bilbao (URJC), 8 researchers URJC, runs from 01\/01\/2010 until 12\/31\/2012, Amount 30.250,01 \u20ac<\/span><\/li>\n<li><span style=\"text-align: justify; line-height: 1.5em;\">\u201cLa Corte en Europa: pol\u00edtica y religi\u00f3n (siglos XVI-XVIII)\u201d, URJC-vicerrectorado de investigaci\u00f3n, Fernando Su\u00e1rez Bilbao (URJC), 4 researchers URJC, year 2010, Amount 6.975 \u20ac<\/span><\/li>\n<li><span style=\"text-align: justify; line-height: 1.5em;\">\u201cSolo Madrid es Corte&#8230;\u201d, CAM- Ref. S2007\/HUM-0425, Jos\u00e9 Mart\u00ednez Mill\u00e1n (UAM), 70 researchers from different institutions, 01\/01\/2008-06\/01\/2012, Amount 266.118 \u20ac<\/span><\/li>\n<li><span style=\"text-align: justify; line-height: 1.5em;\">\u201cCorte, consejos y territorios en la Monarqu\u00eda de Felipe IV\u201d, CAM-UAM, C\u00f3d. CCG06-UAM\/HUM-0244, Manuel Rivero Rodr\u00edguez (UAM), 7 researchers UAM, runs from 01\/01\/2007 until 31\/12\/2007, Amount 20.000 \u20ac<\/span><\/li>\n<li><span style=\"text-align: justify; line-height: 1.5em;\">\u201cLa decadencia de Espa\u00f1a y la vida italiana en el siglo XVII\u201d, UAM, Ref. HUM2006-11587\/, Manuel Rivero Rodr\u00edguez (UAM), 10 researchers UAM, runs from 01\/01\/2006 until 31\/12-2009, 21.000 \u20ac<\/span><\/li>\n<li><span style=\"text-align: justify; line-height: 1.5em;\">\u201cLa Monarquia Cat\u00f3lica en la encrucijada: la Casa de Felipe IV\u201d, UAM, C\u00f3d. 09\/SHD\/015, Manuel Rivero Rodr\u00edguez (UAM), 6 researchers UAM, runs from 01\/01\/2005 until 31\/12\/2005, Amount 36.800 \u20ac<\/span><\/li>\n<\/ul>\n<\/li>\n<\/ul>\n<p style=\"text-align: justify;\">2 sexenios of research (2010-15, 2016-21)<\/p>\n<ul style=\"list-style-type: circle;\">\n<li>Lecture \u00abEl Archivo Hist\u00f3rico Nacional y Felipe IV: Documentos para el estudio de su Casa Real, Sitios Reales y Ceremonial\u00bb, at the <em>I Ciclo de conferencias de divulgaci\u00f3n Amigos del Archivo Hist\u00f3rico Nacional, Tinta, papel y pergamino: El pasado en sus documentos<\/em>, 7th April 2021<\/li>\n<\/ul>\n<p style=\"text-align: justify;\">Referee international publishers and journals:<\/p>\n<ul style=\"text-align: justify;\">\n<li>Member of the Editorial Board of the serie <em>Court Cultures, 1000-1900. Experiences, Entanglements, Environments\u00a0<\/em>at Brill publisher (since 2025)<\/li>\n<li style=\"text-align: justify;\">Permanent referee and member of the Editorial Board of the journal <em>Philostrato. Revista de Historia y Arte <\/em>(since 2016)<\/li>\n<li>Permanent referee and member of the Editorial Board of the portuguese journal <em>Revista de Hist\u00f3ria da Sociedade e da Cultura<\/em> (since 2022)<\/li>\n<li style=\"text-align: justify;\">Permanent referee of the Spanish journal <em>Libros de la Corte<\/em><\/li>\n<li>Spanish journal <em>Historia Aut\u00f3noma <\/em>(3)<\/li>\n<li style=\"text-align: justify;\">Argentinian journal <em>Escuela de historia <\/em>(2)<\/li>\n<li style=\"text-align: justify;\">Spanish journal <em>Tiempos Modernos\u00a0<\/em>(2)<\/li>\n<li>Spanish journal <em>Potestas. Estudios del Mundo Cl\u00e1sico y de Historia del Arte\u00a0<\/em>(2)<\/li>\n<li>English Journal <em>Royal Studies Journal\u00a0<\/em>(1)<\/li>\n<li>Belgian Journal <em>Bulletin IRPA\u00a0<\/em>(1)<\/li>\n<li>Czech Journal <em>Medieval Historica Bohemica\u00a0<\/em>(1)<\/li>\n<li>Spanish journal <em>Hispania\u00a0<\/em>(1)<\/li>\n<li>Spanish journal <em>Studia Historica. Historia Moderna\u00a0<\/em>(1)<\/li>\n<li>Spanish journal <em>Cuadernos de Historia Moderna\u00a0<\/em>(1)<\/li>\n<li>Spanish journal <em>Obradoiro\u00a0<\/em>(1)<\/li>\n<li>Spanish journal <em>Estudis<\/em> (1)<\/li>\n<li>Spanish journal\u00a0<em>Hipogrifo. Revista de literatura y cultura del Siglo de Oro <\/em>(1)<\/li>\n<li>Spanish journal <em>Imafronte<\/em> (1)<\/li>\n<li style=\"text-align: justify;\">Spanish journal ASRI (1)<\/li>\n<li>Spanish journal <em>Manuscrits<\/em> (1)<\/li>\n<\/ul>\n<p style=\"text-align: justify;\">Referee international publishers:<\/p>\n<ul style=\"text-align: justify;\">\n<li>One book at the Belgian publisher <em>Leuven University Press<\/em><\/li>\n<li>One book at the Argentinian publisher <em>EUNSa<\/em><\/li>\n<li>One book at the USA publisher <em>Palgrave Macmillan<\/em><\/li>\n<li>Two book projects at\u00a0the USA publisher <em>Palgrave Macmillan<\/em><\/li>\n<li>One book at the Spanish publisher <em>Universidad de Cantabria<\/em><\/li>\n<\/ul>\n<p style=\"text-align: justify;\">Research projects evaluations:<\/p>\n<ul style=\"text-align: justify;\">\n<li>European Science Foundation (2)<\/li>\n<li>Belgian-wallonian FNRS (3)<\/li>\n<li>Belgian-flemish FWO (2)\n<ul>\n<li>Member of the FWO Review College- 2020-22<\/li>\n<li>Member of the FWO Expert Pool- 2023-27<\/li>\n<\/ul>\n<\/li>\n<li>ERC Starting Grant (1)<\/li>\n<li>COST actions (1)<\/li>\n<li>KULeuven own research program (2)<\/li>\n<li>National Science Centre, Poland (1)<\/li>\n<li>Program INTERTALENTUM-UAM (2)<\/li>\n<li>Program <em>J\u00f3venes investigadores <\/em>(CAM) (2)<\/li>\n<li>Ag\u00e8ncia Valenciana d\u2019Avaluaci\u00f3 i Prospectiva (AVAP)<\/li>\n<\/ul>\n<p>Member of the following tribunal for electing director of museums:<\/p>\n<ul>\n<li>Museu Nacional Machado de Castro, Coimbra (Portugal), Museus e Monumentos de Portugal, 2024<\/li>\n<\/ul>\n<p style=\"text-align: justify;\">Member of the following Ph\u00b4d tribunals:<\/p>\n<ul>\n<li>Pablo Campos Gumiel (directed by Nuno Senos), <em>Aqua in Palatio<\/em>. <em>Water in the 16th-century European palaces. The Iberian Peninsula as a case study<\/em>, Universidad Nova da Lisboa (Portugal), 20th december 2024<\/li>\n<li>Marco Antonio Moreno Esquinas (directed by F\u00e9lix Labrador Arroyo and Pedro Bonet Planes), <em>La flauta dulce en las instituciones reales espa\u00f1olas (siglos XVII-XVIII)<\/em>, 18th december 2024<\/li>\n<li>Miriam Rodr\u00edguez Contreras (directed by Carlos Javier de Carlos Morales), <em>Gasto y financiaci\u00f3n de la Corte de Felipe IV (1621-1665), <\/em>UAM, 17th September 2024<\/li>\n<li style=\"text-align: justify;\">Jordi Comellas Sol\u00e9 (directed by F\u00e9lix Labrador Arroyo), <em>El arte de la glosa. La viola da gamba en la Italia del Humanismo a trav\u00e9s de los tratados (1535-1620)<\/em>, URJC, 15th December 2021<\/li>\n<li style=\"text-align: justify;\">Miguel Bernal Men\u00e9ndez (directed by F\u00e9lix Labrador Arroyo), <em>Giambattista Mancini y su Tratado de Canto Pensieri e Riflessioni pratiche sopra il Canto figurato, <\/em>URJC, 29th July 2020<\/li>\n<li style=\"text-align: justify;\">Miguel \u00c1ngel Calvo Andr\u00e9s (directed by Pablo Prieto D\u00e1vila and Francisco Reyes T\u00e9llez), <em>Arquitectura representativa en las bodegas espa\u00f1olas como creaci\u00f3n de imagen de marca<\/em>, URJC, 19th June 2020<\/li>\n<li style=\"text-align: justify;\">Jos\u00e9 Rufino Novo Zaballos (directed by Jos\u00e9 Mart\u00ednez Mill\u00e1n), <em>Las Casas Reales en tiempos de Carlos II: la Casa de la reina Mariana de Austria<\/em>, UAM, 15th january 2016.<\/li>\n<li style=\"text-align: justify;\">Pierre-Fran\u00e7ois Pirlet (directed by Annick Delfosse), <em>Le confesseur du Prince dans les Pays-Bas espagnols (1598-1659): une fonction, des individus<\/em>, Universit\u00e8 de Li\u00e8ge (Belgium), 7th may 2015<\/li>\n<\/ul>\n","protected":false},"excerpt":{"rendered":"<p>Jos\u00e9 Eloy Hortal Mu\u00f1oz\u2019s activities began in 1997 as part of the group headed by professor Mart\u00ednez Mill\u00e1n at the UAM. This research group specialized in developing a new method for studying the evolution of early modern European monarchies, in&hellip; <\/p>\n","protected":false},"author":2,"featured_media":0,"parent":0,"menu_order":0,"comment_status":"closed","ping_status":"closed","template":"","meta":{"footnotes":""},"class_list":["post-10","page","type-page","status-publish","hentry"],"_links":{"self":[{"href":"https:\/\/joseeloyhortal.com\/index.php\/wp-json\/wp\/v2\/pages\/10","targetHints":{"allow":["GET"]}}],"collection":[{"href":"https:\/\/joseeloyhortal.com\/index.php\/wp-json\/wp\/v2\/pages"}],"about":[{"href":"https:\/\/joseeloyhortal.com\/index.php\/wp-json\/wp\/v2\/types\/page"}],"author":[{"embeddable":true,"href":"https:\/\/joseeloyhortal.com\/index.php\/wp-json\/wp\/v2\/users\/2"}],"replies":[{"embeddable":true,"href":"https:\/\/joseeloyhortal.com\/index.php\/wp-json\/wp\/v2\/comments?post=10"}],"version-history":[{"count":19,"href":"https:\/\/joseeloyhortal.com\/index.php\/wp-json\/wp\/v2\/pages\/10\/revisions"}],"predecessor-version":[{"id":215,"href":"https:\/\/joseeloyhortal.com\/index.php\/wp-json\/wp\/v2\/pages\/10\/revisions\/215"}],"wp:attachment":[{"href":"https:\/\/joseeloyhortal.com\/index.php\/wp-json\/wp\/v2\/media?parent=10"}],"curies":[{"name":"wp","href":"https:\/\/api.w.org\/{rel}","templated":true}]}}