{"id":18,"date":"2024-02-21T07:37:51","date_gmt":"2024-02-21T07:37:51","guid":{"rendered":"http:\/\/joseeloyhortal.com\/?page_id=18"},"modified":"2025-05-15T11:10:46","modified_gmt":"2025-05-15T11:10:46","slug":"conference-organisation","status":"publish","type":"page","link":"https:\/\/joseeloyhortal.com\/index.php\/conference-organisation\/","title":{"rendered":"Conference organisation"},"content":{"rendered":"<p style=\"text-align: justify;\"><strong>Organisation of Conferences and Seminars<\/strong><\/p>\n<ul>\n<li style=\"text-align: justify;\">Coorganizer of the following:\n<ul>\n<li>International Conference <em>Exploring Cultural Transfers: the Polish-Lithuanian Commonwealth in European Context (16-17th centuries), <\/em>organized by URJC, CAM and the University of Wroclaw (Poland), Aranjuez, 28th-29th May 2025 (together with Aleksandra Ziober and Miguel Conde Pazos)<\/li>\n<li style=\"text-align: justify;\">International Conference <a href=\"https:\/\/eventos.urjc.es\/105225\/detail\/congreso-internacional-una-europa-de-palacios-siglos-xvi-xviii.html\"><em>Una Europa de Palacios (s. XVI-XVIII)<\/em><\/a>, Subdirecci\u00f3n General de los Archivos, Ministerio de Cultura y Deporte, URJC, C\u00e1tedra Palacio Real de Valladolid de Patrimonio Cultural y Defensa de la Universidad de Valladolid, IULCE (UAM), Ministerio de Defensa. Jefatura de la Cuarta Subinspecci\u00f3n General del Ej\u00e9rcito, Red CERMFEST, Valladolid (Spain), 13th-14th November 2023 (together with F\u00e9lix Labrador Arroyo and Manuel Rivero Rodr\u00edguez)<\/li>\n<li style=\"text-align: justify;\">International Conference <em><a href=\"https:\/\/eventos.urjc.es\/102914\/detail\/congreso-cultural-exchanges-between-the-courts-of-the-iberian-peninsula-and-the-habsburg-netherland.html\">Court Culture Exchanges between the Courts of the Iberian Peninsula and the Habsburg Netherlands (15th-16th centuries)<\/a><\/em>, URJC, Instituto Moll, University of Silesia (Poland), Aranjuez (Spain), 25th-27th October 2023 (together with Ana Di\u00e9guez and Oskar Jacek Rojewsky)<\/li>\n<li style=\"text-align: justify;\">International Conference <em><a href=\"https:\/\/www.proyectocinter.com\/2023\/05\/18\/congreso-internacional-female-succession-in-late-medieval-and-early-modern-monarchy-contestation-conflict-and-compromise\/\" target=\"_blank\" rel=\"noopener\">Female Succession in Late Medieval and Early Modern Monarchy. Contestation, Conflict and Compromise<\/a>,\u00a0<\/em>URJC, University of Purdue, Manchester Metropolitan University, The Society for Court Studies, Aranjuez (Spain), 24th-26th May 2023 (together with Silvia Mitchell, Jonathan Spangler and F\u00e9lix Labrador Arroyo)<\/li>\n<li style=\"text-align: justify;\">International Conference <a href=\"http:\/\/joseeloyhortal.com\/wp-content\/uploads\/2022\/10\/Programa-definitivo.pdf\"><em>El origen de los Sitios Reales en las Coronas Ib\u00e9ricas: de espacios cortesanos a redes de poder (ss.<\/em> XIV-XVI)<\/a>, URJC and UNED, Aranjuez (Spain), 15th-17th November 2022 (together with Ana Echevarr\u00eda Arsuaga and Elena Paulino Montero)<\/li>\n<li style=\"text-align: justify;\">International symposium\u00a0<em><a href=\"http:\/\/chateauversailles-recherche.fr\/english\/symposia-and-study-days\/calls-for-papers\/call-for-papers-maintaining-the-presence-of-the-prince-management-of-royal.html\">Maintaining the Presence of the Prince: Management of Royal Geographies\u00a0(XIVth-XIXth Centuries)<\/a><\/em>, Centre de recherche du ch\u00e2teau de Versailles, URJC and Universiteit Utrecht, Versailles (France), 15th-17th September 2021 (together with Benjamin Ringot and Merlijn Hurx)<\/li>\n<li style=\"text-align: justify;\">International symposium <em><a href=\"http:\/\/joseeloyhortal.com\/wp-content\/uploads\/2019\/10\/SymposBuilding-Presence-of-the-Prince.pdf\">Building the Presence of the Prince: The Institutions Related with the Ruler\u00b4s Works as\u00a0Key Elements of the European Courts (XIVth-XVIIth Centuries)<\/a><\/em>, Universiteit Utrecht and URJC, Utrecht, 8th-9th November 2019 (together with Merlijn Hurx)<\/li>\n<li style=\"text-align: justify;\">International Conference\u00a0<em><a href=\"http:\/\/joseeloyhortal.com\/wp-content\/uploads\/2019\/02\/Triptico-Conference-Magnificence.pdf\">Magnificence in the 17th century. Performing Splendour in Catholic and Protestant Contexts<\/a><\/em>, Universiteit Leiden, URJC and Instituto Moll, Madrid (Spain), 7th-9th March 2019 (together with Stijn Bussels, Gijs Versteegen, Bram van Oostenveld and Ana Di\u00e9guez)\n<ul>\n<li><a href=\"https:\/\/www.lne.es\/sociedad\/2019\/02\/24\/congreso-internacional-analiza-magnificencia-arte\/2431760.html\">Information at the newspaper\u00a0<em>La Nueva Espa\u00f1a<\/em><\/a>, 24th February 2019<\/li>\n<\/ul>\n<\/li>\n<li style=\"text-align: justify;\">Workshop <em><a href=\"https:\/\/spanishroyalspirituality.wordpress.com\/\" rel=\"home\">Spanish Royal Geographies in Early Modern Europe and America: Re-Thinking the Royal Sites \/ Geographies of Habsburg Politics and Religion<\/a><\/em>, University of York-URJC, York (United Kingdom), 4th-5th May 2017 (together with Cordula van Wyhe)<\/li>\n<li style=\"text-align: justify;\">International Conference\u00a0<a href=\"http:\/\/joseeloyhortal.com\/wp-content\/uploads\/2014\/02\/Tr\u00edptico-Congreso.pdf\" rel=\"\"><em>IX Conference of Spanish, Belgian and Dutch historians. Institutions of the Habsburg Low Countries (XVI-XVIII c.). In honour of Professor Hugo de Schepper<\/em><\/a>, Radboud Universiteit Nijmegen and URJC, Nijmegen (The Netherlands), 26th-27th May 2016 (together with D. Raeymaekers)<\/li>\n<li style=\"text-align: justify;\">Seminario Internacional <em>Espiritualidad e ideolog\u00eda pol\u00edtica en los diferentes espacios cortesanos de la Monarqu\u00eda Hispana (siglo<\/em> XVII), URJC and IULCE, Madrid (Spain), 13th-14th November 2014 (together with J. Mart\u00ednez Mill\u00e1n, M. Rivero Rodr\u00edguez and G. Versteegen)\n<ul>\n<li><a title=\"El Mundo, 13-11-2014\" href=\"http:\/\/www.elmundo.es\/la-aventura-de-la-historia\/2014\/11\/13\/54647ab6268e3e37478b456f.html\" target=\"_blank\" rel=\"noopener\">Information at the spanish newspaper <em>El Mundo<\/em><\/a><\/li>\n<\/ul>\n<\/li>\n<li style=\"text-align: justify;\"><span style=\"line-height: 1.5em;\">Seminars <em>\u00c1gora Di\u00e1logos<\/em> (5) and cultural visits <em>\u00c1gora Foro<\/em> (5), TAI, Madrid (Spain), 1th March-31th May 2013) (together with J. Garc\u00eda-Luengo Machado)<\/span><\/li>\n<li style=\"text-align: justify;\"><span style=\"line-height: 1.5em;\">International Conference\u00a0<a href=\"http:\/\/congresocasaborgona.blogspot.com.es\/\" target=\"_blank\" rel=\"noopener\"><em>La Casa de Borgo\u00f1a de los Austrias hispanos<\/em><\/a>, URJC, M\u00f3stoles (Spain), 14th-15th November 2011 (together with F. L\u00e1brador Arroyo)<\/span><\/li>\n<li style=\"text-align: justify;\"><span style=\"line-height: 1.5em;\"><span style=\"line-height: 1.5em;\">National Seminar <em>Ordenanzas y Etiquetas de la Casa Real Hispana<\/em>, URJC, M\u00f3stoles (Spain), 25th January 2011 (together with F. L\u00e1brador Arroyo)<\/span><\/span><\/li>\n<li style=\"text-align: justify;\"><span style=\"line-height: 1.5em;\">International Conference<em> A constellation of courts. The households of Habsburg Europe, 1555-1665<\/em>, UGent, Universiteit Antwerpen and UAM, Brussels (Belgium), 3d-4th November 2006 (together with R. Vermeir and L. Duerloo)<\/span><\/li>\n<li style=\"text-align: justify;\">Secretary of the following international conference:\n<ul>\n<li><span style=\"line-height: 1.5em;\"><span style=\"line-height: 1.5em;\"><em>La Corte de los Borbones: crisis del modelo cortesano<\/em>, UAM, Madrid (Spain), 14th-16th December 2011<\/span><\/span><\/li>\n<\/ul>\n<\/li>\n<\/ul>\n<\/li>\n<li>Member of the organizer committee of the following international conferences:\n<ul>\n<li style=\"text-align: justify;\"><span style=\"line-height: 1.5em;\"><em>Los Jesuitas. Religi\u00f3n, pol\u00edtica y educaci\u00f3n (siglos XVI-XVIII)<\/em>, Universidad Pontificia de Comillas, UAM, URJC and IULCE, Madrid (Spain), 20th-22d June 2011<\/span><\/li>\n<li style=\"text-align: justify;\"><span style=\"line-height: 1.5em;\">International Conference of the network \u201cThe Court Studies\u201d, <em>La Corte en Europa: Pol\u00edtica y Religi\u00f3n (siglos XVI-XVIII)<\/em>, UAM, URJC and IULCE, Madrid (Spain), 13th-16th December 2010<\/span><\/li>\n<li style=\"text-align: justify;\"><span style=\"line-height: 1.5em;\"><em>La Dinast\u00eda de los Austria: las relaciones entre la Monarqu\u00eda Cat\u00f3lica y el Imperio<\/em>, UAM, URJC, IULCE and Fundaci\u00f3n L\u00e1zaro Galdiano, Madrid (Spain), 2d-4th December 2009<\/span><\/li>\n<li style=\"text-align: justify;\"><span style=\"line-height: 1.5em;\"><em>Centros de poder italianos en la Monarqu\u00eda Hisp\u00e1nica (siglos XV-XVIII). Arte, m\u00fasica, literatura y espiritualidad<\/em>, UAM, URJC and IULCE, Madrid (Spain), 10th-12th December 2008<\/span><\/li>\n<li style=\"text-align: justify;\"><span style=\"line-height: 1.5em;\"><em>Las relaciones discretas entre las monarqu\u00edas hispana y portuguesa: Las casas de las reinas (siglos XV-XIX). Arte, m\u00fasica, espiritualidad y literatura<\/em>, UAM and IULCE, Madrid (Spain), 11th-14th December 2007<\/span><\/li>\n<li style=\"text-align: justify;\"><span style=\"line-height: 1.5em;\"><em>La corte de Felipe III y el gobierno de la Monarqu\u00eda Cat\u00f3lica<\/em>, UAM and Fundaci\u00f3n Mapfre-Tavera, Miraflores de la Sierra, Madrid (Spain), 26th-28th May 2005<\/span><\/li>\n<li style=\"text-align: justify;\"><span style=\"line-height: 1.5em;\"><em>Carlos V y la quiebra del humanismo pol\u00edtico en Europa (1530-1558)<\/em>, UAM and Sociedad Estatal para la Conmemoraci\u00f3n de los Centenarios de Felipe II y Carlos V, Madrid (Spain), 3d-6th July 2000<\/span><\/li>\n<\/ul>\n<\/li>\n<\/ul>\n","protected":false},"excerpt":{"rendered":"<p>Organisation of Conferences and Seminars Coorganizer of the following: International Conference Exploring Cultural Transfers: the Polish-Lithuanian Commonwealth in European Context (16-17th centuries), organized by URJC, CAM and the University of Wroclaw (Poland), Aranjuez, 28th-29th May 2025 (together with Aleksandra Ziober&hellip; <\/p>\n","protected":false},"author":2,"featured_media":0,"parent":0,"menu_order":0,"comment_status":"closed","ping_status":"closed","template":"","meta":{"footnotes":""},"class_list":["post-18","page","type-page","status-publish","hentry"],"_links":{"self":[{"href":"https:\/\/joseeloyhortal.com\/index.php\/wp-json\/wp\/v2\/pages\/18","targetHints":{"allow":["GET"]}}],"collection":[{"href":"https:\/\/joseeloyhortal.com\/index.php\/wp-json\/wp\/v2\/pages"}],"about":[{"href":"https:\/\/joseeloyhortal.com\/index.php\/wp-json\/wp\/v2\/types\/page"}],"author":[{"embeddable":true,"href":"https:\/\/joseeloyhortal.com\/index.php\/wp-json\/wp\/v2\/users\/2"}],"replies":[{"embeddable":true,"href":"https:\/\/joseeloyhortal.com\/index.php\/wp-json\/wp\/v2\/comments?post=18"}],"version-history":[{"count":4,"href":"https:\/\/joseeloyhortal.com\/index.php\/wp-json\/wp\/v2\/pages\/18\/revisions"}],"predecessor-version":[{"id":168,"href":"https:\/\/joseeloyhortal.com\/index.php\/wp-json\/wp\/v2\/pages\/18\/revisions\/168"}],"wp:attachment":[{"href":"https:\/\/joseeloyhortal.com\/index.php\/wp-json\/wp\/v2\/media?parent=18"}],"curies":[{"name":"wp","href":"https:\/\/api.w.org\/{rel}","templated":true}]}}