{"id":20,"date":"2024-02-21T07:38:09","date_gmt":"2024-02-21T07:38:09","guid":{"rendered":"http:\/\/joseeloyhortal.com\/?page_id=20"},"modified":"2026-01-13T17:14:47","modified_gmt":"2026-01-13T17:14:47","slug":"international-activities","status":"publish","type":"page","link":"https:\/\/joseeloyhortal.com\/index.php\/international-activities\/","title":{"rendered":"International activities"},"content":{"rendered":"<p style=\"text-align: justify;\">Research stays abroad:<\/p>\n<ul style=\"text-align: justify;\">\n<li>PRIVACY Research Institute at the Faculty of Theology, University of Copenhagen (Denmark), with a Salvador de Madariaga Grant (05\/06-31\/08\/2022)<\/li>\n<li>Bodleian Library at Oxford (England), with a David Walker memorial fellowship (01-31\/08\/2018)<\/li>\n<li>Universiteit Leiden (The Netherlands), with a Visitor\u00b4s Travel Grant (NWO) (26\/06-31\/08\/2017)<\/li>\n<li>Universit\u00e8 de Li\u00e8ge and KULeuven (Belgium), as Visiting foreign researcher (01\/07-31\/08\/2016)<\/li>\n<li>UGent (Belgium), as Visiting foreign researcher (01\/06-31\/08\/2013, 01\/07-31\/08\/2015)<\/li>\n<li><span style=\"line-height: 1.5em;\">University of New York, CUNY (USA), research project (19\/03-01\/04\/2012)<\/span><\/li>\n<\/ul>\n<p style=\"text-align: justify;\">Language skills:<\/p>\n<ul style=\"text-align: justify;\">\n<li>Advanced English, French and Italian (Writing and speaking)<\/li>\n<li>Elementary Dutch (Writing and speaking)<\/li>\n<\/ul>\n<p style=\"text-align: justify;\">Membership of professional and learned societies:<\/p>\n<ul>\n<li style=\"text-align: justify;\">Society for Festival Research, 2015-currently<\/li>\n<li style=\"text-align: justify;\">Acad\u00e9mie belgo-espagnole d\u00b4histoire, 2014-currently (<em>Acad\u00e9mico correspondiente<\/em>)<\/li>\n<li style=\"text-align: justify;\">Renaissance Society of America (RSA), 2011-currently<\/li>\n<li style=\"text-align: justify;\"><span style=\"line-height: 1.5em;\">The Society for Court History, 2009-currently<\/span><\/li>\n<li style=\"text-align: justify;\"><span style=\"line-height: 1.5em;\">Instituto Universitario La Corte en Europa, 2006-currently (Reference researcher)<\/span><\/li>\n<li style=\"text-align: justify;\"><span style=\"line-height: 1.5em;\">Fundaci\u00f3n Espa\u00f1ola de Historia Moderna, 2005-currently<\/span><\/li>\n<\/ul>\n<p>Participation in Think Tanks and Meetings:<\/p>\n<ul>\n<li style=\"text-align: justify;\">Member of the scientific committee exhibition <em style=\"font-size: revert; color: initial;\">Marie de Hongrie. Art &amp; Pouvoir \u00e0 la Renaissance<\/em><em style=\"font-size: revert; color: initial;\">,\u00a0<\/em><span style=\"font-size: revert; color: initial;\">Domaine de Mariemont (Belgium), October 2023-March 2025<\/span><\/li>\n<li style=\"text-align: justify;\">External advisor at the PALAMUSTO (H2020 MSCA ITN) Presentations Days, online, 20th-21th October 2022<\/li>\n<li style=\"text-align: justify;\">Expert at the\u00a0roundtable on <em>Economic Resources of Royal Men &#8211; The King\u2019s Money: Contrasts, Comparisons, <\/em><em>and Challenges of a Comparative Approach,\u00a0<\/em>at the virtual research seminar\u00a0<em>Economic History of Monarchy, <\/em>hosted by the University of Oxford (United Kingdom), online, 13th June 2022<\/li>\n<li style=\"text-align: justify;\">\u00abAugmented Reality as a tool for valorizate Heritage: the case of the Royal Sites and El Pardo\u00bb, at the <em>1\u00ba\u00a0Semin\u00e1rio Ib\u00e9rico Patrim\u00f3nio, Cultura e Turismo<\/em>, 15th November 2019, Aveiro (Portugal)<\/li>\n<li style=\"text-align: justify;\">\u00abOutcomes of topic 3B3: Virtual HBs \/ sites \u2013 augmented reality and 3D reconstruction\u00bb (together with M. Turkalj), <em>W3 (Integration of Heritage Buildings in their surroundings) Core group meeting<\/em>, 8-9th February 2017, Chate\u00e2u de Germoilles (France)<\/li>\n<li style=\"text-align: justify;\">\u00abHighlighting of HBs and sites versus the respect of their surroundings\u00bb at the <em>Action Meeting and Think Tank on Heritage Buildings and their\u00a0Surroundings in conjunction with\u00a0Meeting on Social Engagement in Heritage Buildings<\/em>, 13-14th April 2016, Riga (Latvia)<\/li>\n<\/ul>\n<p>Supervision of research stays at URJC:<\/p>\n<p>Ph\u00b4D:<\/p>\n<ul>\n<li style=\"text-align: justify;\">Mirella Izzo (Universit\u00e0 Federico II, Italy), Funding from her own university, 01\/01-30\/06\/2024<\/li>\n<li style=\"text-align: justify;\">Mariangela Terracciano (Universit\u00e0 della Sapienza, Italy), Funding from her own university, 01\/01-30\/06\/2024<\/li>\n<li style=\"text-align: justify;\">Pierre-Fran\u00e7ois Pirlet (ULi\u00e8ge, Belgium), FNRS, 11\/2011, 01\/2013<\/li>\n<\/ul>\n<p>Postdoc:<\/p>\n<ul>\n<li style=\"text-align: justify;\">Antonio Rafael Fern\u00e1ndez Paradas (Universidad de Granada, Spain), Funding from his own university, 13\/01-12\/07\/2024<\/li>\n<li style=\"text-align: justify;\">Aleksandra Ziober (University of Wroclaw, Poland), Funding of the polish government, 20\/12\/2023-31\/03\/2024<\/li>\n<li style=\"text-align: justify;\">Margareta Turkalj (University Albert Strossmeyer, Croatia), STSM COST Action, 07-11\/11\/2016<\/li>\n<\/ul>\n","protected":false},"excerpt":{"rendered":"<p>Research stays abroad: PRIVACY Research Institute at the Faculty of Theology, University of Copenhagen (Denmark), with a Salvador de Madariaga Grant (05\/06-31\/08\/2022) Bodleian Library at Oxford (England), with a David Walker memorial fellowship (01-31\/08\/2018) Universiteit Leiden (The Netherlands), with a&hellip; <\/p>\n","protected":false},"author":2,"featured_media":0,"parent":0,"menu_order":0,"comment_status":"closed","ping_status":"closed","template":"","meta":{"footnotes":""},"class_list":["post-20","page","type-page","status-publish","hentry"],"_links":{"self":[{"href":"https:\/\/joseeloyhortal.com\/index.php\/wp-json\/wp\/v2\/pages\/20","targetHints":{"allow":["GET"]}}],"collection":[{"href":"https:\/\/joseeloyhortal.com\/index.php\/wp-json\/wp\/v2\/pages"}],"about":[{"href":"https:\/\/joseeloyhortal.com\/index.php\/wp-json\/wp\/v2\/types\/page"}],"author":[{"embeddable":true,"href":"https:\/\/joseeloyhortal.com\/index.php\/wp-json\/wp\/v2\/users\/2"}],"replies":[{"embeddable":true,"href":"https:\/\/joseeloyhortal.com\/index.php\/wp-json\/wp\/v2\/comments?post=20"}],"version-history":[{"count":3,"href":"https:\/\/joseeloyhortal.com\/index.php\/wp-json\/wp\/v2\/pages\/20\/revisions"}],"predecessor-version":[{"id":220,"href":"https:\/\/joseeloyhortal.com\/index.php\/wp-json\/wp\/v2\/pages\/20\/revisions\/220"}],"wp:attachment":[{"href":"https:\/\/joseeloyhortal.com\/index.php\/wp-json\/wp\/v2\/media?parent=20"}],"curies":[{"name":"wp","href":"https:\/\/api.w.org\/{rel}","templated":true}]}}